{"id":1328,"date":"2019-02-12T00:43:54","date_gmt":"2019-02-12T05:43:54","guid":{"rendered":"https:\/\/artdesignresources.com\/?page_id=1328"},"modified":"2020-07-15T23:51:33","modified_gmt":"2020-07-16T03:51:33","slug":"fine-art-logistics","status":"publish","type":"page","link":"https:\/\/adrdesigns.net\/es\/services\/fine-art-logistics\/","title":{"rendered":"Log\u00edstica de Bellas Artes"},"content":{"rendered":"<div class=\"wpb-content-wrapper\"><div class=\"vc_row wpb_row vc_row-fluid\"><div class=\"wpb_column vc_column_container vc_col-sm-12\"><div class=\"vc_column-inner\"><div class=\"wpb_wrapper\"><div class=\"vc_empty_space\"   style=\"height: 32px\"><span class=\"vc_empty_space_inner\"><\/span><\/div>\n\t<div class=\"wpb_text_column wpb_content_element\" >\n\t\t<div class=\"wpb_wrapper\">\n\t\t\t<p>La log\u00edstica de las bellas artes incluye el env\u00edo, el embalaje y la entrega. Entender cada parte del proceso es crucial para evitar da\u00f1os o mal manejo. Deje que nos ocupemos de decidir c\u00f3mo empaquetar y enviar correctamente su arte.<\/p>\n<h3>Enviamos, empacamos y entregamos<\/h3>\n<p>Enviar arte, ya sea enmarcado o no, es un trabajo arriesgado. Nuestro personal proporciona un embalaje que es seguro y eficaz. Cada marco est\u00e1 asegurado con pl\u00e1stico de burbujas, protecci\u00f3n de las esquinas, y encapsulado. Todo el arte es cuidadosamente enrollado en tubos de embalaje para asegurar que no se arrugue, agriete o desgarre. Somos expertos en enviar todo tipo de obras de arte a trav\u00e9s de los Estados Unidos.<\/p>\n\n\t\t<\/div>\n\t<\/div>\n<div class=\"vc_empty_space\"   style=\"height: 25px\"><span class=\"vc_empty_space_inner\"><\/span><\/div><div class=\"vcex-image-grid-wrap wpex-clr\"><div class=\"vcex-module vcex-image-grid grid-style-default wpex-row wpex-clr gap-20 wpex-lightbox-group\" data-thumbnails=\"false\" data-show_title=\"false\"><div class=\"id-1657 vcex-image-grid-entry vcex-grid-item textcenter span_1_of_3 col col-1\"><figure class=\"vcex-image-grid-entry-figure wpex-last-mb-0 wpex-clr\"><div class=\"vcex-image-grid-entry-img entry-media overlay-parent overlay-parent-magnifying-hover overlay-h wpex-overflow-hidden overlay-ms wpex-mb-20\"><a href=\"https:\/\/adrdesigns.net\/wp-content\/uploads\/2019\/03\/new-york-yankees-logistics.jpg\" class=\"vcex-image-grid-entry-link wpex-lightbox-group-item\" data-thumbnails=\"false\" data-show_title=\"false\"><img loading=\"lazy\" class=\"wpex-align-middle\" alt=\"New York Yankees Logistics\" decoding=\"async\" src=\"https:\/\/adrdesigns.net\/wp-content\/uploads\/2019\/03\/new-york-yankees-logistics-420x280.jpg\" width=\"420\" height=\"280\">\n<div class=\"magnifying-hover theme-overlay overlay-hide wpex-absolute wpex-inset-0 wpex-transition-all wpex-duration-300 wpex-text-white wpex-text-2xl wpex-flex wpex-items-center wpex-justify-center\" aria-hidden=\"true\">\n\t<span class=\"overlay-bg wpex-bg-black wpex-block wpex-absolute wpex-inset-0 wpex-opacity-60\"><\/span>\n\t<span class=\"wpex-relative ticon ticon-search\" aria-hidden=\"true\"><\/span><\/div>\n<\/a><\/div><\/figure><\/div><div class=\"id-1671 vcex-image-grid-entry vcex-grid-item textcenter span_1_of_3 col col-2\"><figure class=\"vcex-image-grid-entry-figure wpex-last-mb-0 wpex-clr\"><div class=\"vcex-image-grid-entry-img entry-media overlay-parent overlay-parent-magnifying-hover overlay-h wpex-overflow-hidden overlay-ms wpex-mb-20\"><a href=\"https:\/\/adrdesigns.net\/wp-content\/uploads\/2019\/03\/adr-residential-fine-art-logistics.jpg\" class=\"vcex-image-grid-entry-link wpex-lightbox-group-item\" data-thumbnails=\"false\" data-show_title=\"false\"><img loading=\"lazy\" class=\"wpex-align-middle\" alt=\"Residential Fine Art Logistics\" decoding=\"async\" src=\"https:\/\/adrdesigns.net\/wp-content\/uploads\/2019\/03\/adr-residential-fine-art-logistics-420x280.jpg\" width=\"420\" height=\"280\">\n<div class=\"magnifying-hover theme-overlay overlay-hide wpex-absolute wpex-inset-0 wpex-transition-all wpex-duration-300 wpex-text-white wpex-text-2xl wpex-flex wpex-items-center wpex-justify-center\" aria-hidden=\"true\">\n\t<span class=\"overlay-bg wpex-bg-black wpex-block wpex-absolute wpex-inset-0 wpex-opacity-60\"><\/span>\n\t<span class=\"wpex-relative ticon ticon-search\" aria-hidden=\"true\"><\/span><\/div>\n<\/a><\/div><\/figure><\/div><div class=\"id-1704 vcex-image-grid-entry vcex-grid-item textcenter span_1_of_3 col col-3\"><figure class=\"vcex-image-grid-entry-figure wpex-last-mb-0 wpex-clr\"><div class=\"vcex-image-grid-entry-img entry-media overlay-parent overlay-parent-magnifying-hover overlay-h wpex-overflow-hidden overlay-ms wpex-mb-20\"><a href=\"https:\/\/adrdesigns.net\/wp-content\/uploads\/2019\/03\/Final-Dusk.jpg\" class=\"vcex-image-grid-entry-link wpex-lightbox-group-item\" data-thumbnails=\"false\" data-show_title=\"false\"><img loading=\"lazy\" class=\"wpex-align-middle\" alt=\"Final Dusk\" decoding=\"async\" src=\"https:\/\/adrdesigns.net\/wp-content\/uploads\/2019\/03\/Final-Dusk-420x280.jpg\" width=\"420\" height=\"280\">\n<div class=\"magnifying-hover theme-overlay overlay-hide wpex-absolute wpex-inset-0 wpex-transition-all wpex-duration-300 wpex-text-white wpex-text-2xl wpex-flex wpex-items-center wpex-justify-center\" aria-hidden=\"true\">\n\t<span class=\"overlay-bg wpex-bg-black wpex-block wpex-absolute wpex-inset-0 wpex-opacity-60\"><\/span>\n\t<span class=\"wpex-relative ticon ticon-search\" aria-hidden=\"true\"><\/span><\/div>\n<\/a><\/div><\/figure><\/div><\/div><\/div>\n\t<div class=\"wpb_text_column wpb_content_element\" >\n\t\t<div class=\"wpb_wrapper\">\n\t\t\t<h3>\u00bfAlguna vez has manejado m\u00e1s de 100 cuadros a la vez? \u00a1LO HEMOS HECHO!<\/h3>\n<p>Cuando enviamos para nuestros grandes proyectos comerciales construimos a mano contenedores D para que se ajusten a cada juego de marcos. Estos contenedores pueden acomodar f\u00e1cilmente unos 20-50 marcos. Nuestros clientes se benefician de esta forma de env\u00edo, porque las piezas especificadas para ciertas secciones llegan juntas. Esto facilita y agiliza el proceso de instalaci\u00f3n, y ahorra un tiempo valioso.<\/p>\n\n\t\t<\/div>\n\t<\/div>\n<div class=\"vc_empty_space\"   style=\"height: 25px\"><span class=\"vc_empty_space_inner\"><\/span><\/div><div class=\"vcex-image-grid-wrap wpex-clr\"><div class=\"vcex-module vcex-image-grid grid-style-default wpex-row wpex-clr gap-20 wpex-lightbox-group\" data-thumbnails=\"false\" data-show_title=\"false\"><div class=\"id-1705 vcex-image-grid-entry vcex-grid-item textcenter span_1_of_3 col col-1\"><figure class=\"vcex-image-grid-entry-figure wpex-last-mb-0 wpex-clr\"><div class=\"vcex-image-grid-entry-img entry-media overlay-parent overlay-parent-magnifying-hover overlay-h wpex-overflow-hidden overlay-ms wpex-mb-20\"><a href=\"https:\/\/adrdesigns.net\/wp-content\/uploads\/2019\/03\/art-logistics-residential.jpg\" class=\"vcex-image-grid-entry-link wpex-lightbox-group-item\" data-thumbnails=\"false\" data-show_title=\"false\"><img loading=\"lazy\" class=\"wpex-align-middle\" alt=\"Residential Art Logistics\" decoding=\"async\" src=\"https:\/\/adrdesigns.net\/wp-content\/uploads\/2019\/03\/art-logistics-residential-420x280.jpg\" width=\"420\" height=\"280\">\n<div class=\"magnifying-hover theme-overlay overlay-hide wpex-absolute wpex-inset-0 wpex-transition-all wpex-duration-300 wpex-text-white wpex-text-2xl wpex-flex wpex-items-center wpex-justify-center\" aria-hidden=\"true\">\n\t<span class=\"overlay-bg wpex-bg-black wpex-block wpex-absolute wpex-inset-0 wpex-opacity-60\"><\/span>\n\t<span class=\"wpex-relative ticon ticon-search\" aria-hidden=\"true\"><\/span><\/div>\n<\/a><\/div><\/figure><\/div><div class=\"id-1706 vcex-image-grid-entry vcex-grid-item textcenter span_1_of_3 col col-2\"><figure class=\"vcex-image-grid-entry-figure wpex-last-mb-0 wpex-clr\"><div class=\"vcex-image-grid-entry-img entry-media overlay-parent overlay-parent-magnifying-hover overlay-h wpex-overflow-hidden overlay-ms wpex-mb-20\"><a href=\"https:\/\/adrdesigns.net\/wp-content\/uploads\/2019\/03\/manhattan-beach-house-study.jpg\" class=\"vcex-image-grid-entry-link wpex-lightbox-group-item\" data-thumbnails=\"false\" data-show_title=\"false\"><img loading=\"lazy\" class=\"wpex-align-middle\" alt=\"Manhattan Beach House Study\" decoding=\"async\" src=\"https:\/\/adrdesigns.net\/wp-content\/uploads\/2019\/03\/manhattan-beach-house-study-420x280.jpg\" width=\"420\" height=\"280\">\n<div class=\"magnifying-hover theme-overlay overlay-hide wpex-absolute wpex-inset-0 wpex-transition-all wpex-duration-300 wpex-text-white wpex-text-2xl wpex-flex wpex-items-center wpex-justify-center\" aria-hidden=\"true\">\n\t<span class=\"overlay-bg wpex-bg-black wpex-block wpex-absolute wpex-inset-0 wpex-opacity-60\"><\/span>\n\t<span class=\"wpex-relative ticon ticon-search\" aria-hidden=\"true\"><\/span><\/div>\n<\/a><\/div><\/figure><\/div><div class=\"id-1710 vcex-image-grid-entry vcex-grid-item textcenter span_1_of_3 col col-3\"><figure class=\"vcex-image-grid-entry-figure wpex-last-mb-0 wpex-clr\"><div class=\"vcex-image-grid-entry-img entry-media overlay-parent overlay-parent-magnifying-hover overlay-h wpex-overflow-hidden overlay-ms wpex-mb-20\"><a href=\"https:\/\/adrdesigns.net\/wp-content\/uploads\/2019\/03\/manhattan-beach-house-logistics.jpg\" class=\"vcex-image-grid-entry-link wpex-lightbox-group-item\" data-thumbnails=\"false\" data-show_title=\"false\"><img loading=\"lazy\" class=\"wpex-align-middle\" alt=\"Manhattan Beach House Logistics\" decoding=\"async\" src=\"https:\/\/adrdesigns.net\/wp-content\/uploads\/2019\/03\/manhattan-beach-house-logistics-420x280.jpg\" width=\"420\" height=\"280\">\n<div class=\"magnifying-hover theme-overlay overlay-hide wpex-absolute wpex-inset-0 wpex-transition-all wpex-duration-300 wpex-text-white wpex-text-2xl wpex-flex wpex-items-center wpex-justify-center\" aria-hidden=\"true\">\n\t<span class=\"overlay-bg wpex-bg-black wpex-block wpex-absolute wpex-inset-0 wpex-opacity-60\"><\/span>\n\t<span class=\"wpex-relative ticon ticon-search\" aria-hidden=\"true\"><\/span><\/div>\n<\/a><\/div><\/figure><\/div><\/div><\/div>\n\t<div class=\"wpb_text_column wpb_content_element\" >\n\t\t<div class=\"wpb_wrapper\">\n\t\t\t<h3>\u00a1Carteles, diplomas, certificados, arte original y m\u00e1s!<\/h3>\n<p>La gente a menudo piensa que el env\u00edo de arte es s\u00f3lo algo que se queda en el aire, pero no es as\u00ed. Tenemos experiencia en el env\u00edo de art\u00edculos muy grandes, voluminosos e incluso delicados a trav\u00e9s de los EE.UU.<\/p>\n\n\t\t<\/div>\n\t<\/div>\n<div class=\"vc_empty_space\"   style=\"height: 15px\"><span class=\"vc_empty_space_inner\"><\/span><\/div><div class=\"vc_row wpb_row vc_inner vc_row-fluid no-bottom-margins\"><div class=\"wpb_column vc_column_container vc_col-sm-4\"><div class=\"vc_column-inner\"><div class=\"wpb_wrapper\"><style>.vcex-bullets.vcex_69fb87ca5647d .vcex-bullets-icon{color:#7d9ebd;}<\/style><div class=\"vcex-module vcex-bullets custom-icon vcex_69fb87ca5647d\">\n<ul>\n<li><div class=\"vcex-bullets-ci-wrap wpex-inline-flex\"><span class=\"vcex-bullets-icon-wrap vcex-icon-wrap wpex-mr-10\"><span class=\"vcex-bullets-icon vcex-icon vc-oi vc-oi-ok\" aria-hidden=\"true\"><\/span><\/span><div class=\"vcex-content wpex-flex-grow\">Trofeos<\/div><\/div><\/li>\n<li><div class=\"vcex-bullets-ci-wrap wpex-inline-flex\"><span class=\"vcex-bullets-icon-wrap vcex-icon-wrap wpex-mr-10\"><span class=\"vcex-bullets-icon vcex-icon vc-oi vc-oi-ok\" aria-hidden=\"true\"><\/span><\/span><div class=\"vcex-content wpex-flex-grow\">Medallas<\/div><\/div><\/li>\n<li><div class=\"vcex-bullets-ci-wrap wpex-inline-flex\"><span class=\"vcex-bullets-icon-wrap vcex-icon-wrap wpex-mr-10\"><span class=\"vcex-bullets-icon vcex-icon vc-oi vc-oi-ok\" aria-hidden=\"true\"><\/span><\/span><div class=\"vcex-content wpex-flex-grow\">Jarrones<\/div><\/div><\/li>\n<\/ul>\n<\/div><\/div><\/div><\/div><div class=\"wpb_column vc_column_container vc_col-sm-4\"><div class=\"vc_column-inner\"><div class=\"wpb_wrapper\"><style>.vcex-bullets.vcex_69fb87ca56ae3 .vcex-bullets-icon{color:#7d9ebd;}<\/style><div class=\"vcex-module vcex-bullets custom-icon vcex_69fb87ca56ae3\">\n<ul>\n<li><div class=\"vcex-bullets-ci-wrap wpex-inline-flex\"><span class=\"vcex-bullets-icon-wrap vcex-icon-wrap wpex-mr-10\"><span class=\"vcex-bullets-icon vcex-icon vc-oi vc-oi-ok\" aria-hidden=\"true\"><\/span><\/span><div class=\"vcex-content wpex-flex-grow\">Esculturas de metal\/vidrio\/acr\u00edlico<\/div><\/div><\/li>\n<li><div class=\"vcex-bullets-ci-wrap wpex-inline-flex\"><span class=\"vcex-bullets-icon-wrap vcex-icon-wrap wpex-mr-10\"><span class=\"vcex-bullets-icon vcex-icon vc-oi vc-oi-ok\" aria-hidden=\"true\"><\/span><\/span><div class=\"vcex-content wpex-flex-grow\">Lienzos<\/div><\/div><\/li>\n<li><div class=\"vcex-bullets-ci-wrap wpex-inline-flex\"><span class=\"vcex-bullets-icon-wrap vcex-icon-wrap wpex-mr-10\"><span class=\"vcex-bullets-icon vcex-icon vc-oi vc-oi-ok\" aria-hidden=\"true\"><\/span><\/span><div class=\"vcex-content wpex-flex-grow\">Instrumentos musicales<\/div><\/div><\/li>\n<\/ul>\n<\/div><\/div><\/div><\/div><div class=\"wpb_column vc_column_container vc_col-sm-4\"><div class=\"vc_column-inner\"><div class=\"wpb_wrapper\"><style>.vcex-bullets.vcex_69fb87ca56c8f .vcex-bullets-icon{color:#7d9ebd;}<\/style><div class=\"vcex-module vcex-bullets custom-icon vcex_69fb87ca56c8f\">\n<ul>\n<li><div class=\"vcex-bullets-ci-wrap wpex-inline-flex\"><span class=\"vcex-bullets-icon-wrap vcex-icon-wrap wpex-mr-10\"><span class=\"vcex-bullets-icon vcex-icon vc-oi vc-oi-ok\" aria-hidden=\"true\"><\/span><\/span><div class=\"vcex-content wpex-flex-grow\">Artefactos<\/div><\/div><\/li>\n<li><div class=\"vcex-bullets-ci-wrap wpex-inline-flex\"><span class=\"vcex-bullets-icon-wrap vcex-icon-wrap wpex-mr-10\"><span class=\"vcex-bullets-icon vcex-icon vc-oi vc-oi-ok\" aria-hidden=\"true\"><\/span><\/span><div class=\"vcex-content wpex-flex-grow\">Trajes o uniformes enmarcados<\/div><\/div><\/li>\n<li><div class=\"vcex-bullets-ci-wrap wpex-inline-flex\"><span class=\"vcex-bullets-icon-wrap vcex-icon-wrap wpex-mr-10\"><span class=\"vcex-bullets-icon vcex-icon vc-oi vc-oi-ok\" aria-hidden=\"true\"><\/span><\/span><div class=\"vcex-content wpex-flex-grow\">Tapices<\/div><\/div><\/li>\n<\/ul>\n<\/div><\/div><\/div><\/div><\/div><\/div><\/div><\/div><\/div><div class=\"vc_section\"><div class=\"vc_row wpb_row vc_row-fluid\"><div class=\"wpb_column vc_column_container vc_col-sm-12\"><div class=\"vc_column-inner\"><div class=\"wpb_wrapper\">\n\t<div class=\"wpb_text_column wpb_content_element\" >\n\t\t<div class=\"wpb_wrapper\">\n\t\t\t<h3>Programe una consulta con nosotros<\/h3>\n<div class=\"wpforms-container wpforms-container-full\" id=\"wpforms-1094\"><form id=\"wpforms-form-1094\" class=\"wpforms-validate wpforms-form\" data-formid=\"1094\" method=\"post\" enctype=\"multipart\/form-data\" action=\"\/es\/wp-json\/wp\/v2\/pages\/1328\" data-token=\"129c3e35a5a882eea5c3026544d9ab63\" data-token-time=\"1778091978\" data-trp-original-action=\"\/es\/wp-json\/wp\/v2\/pages\/1328\"><noscript class=\"wpforms-error-noscript\">Por favor, active JavaScript en su navegador para completar este formulario.<\/noscript><div class=\"wpforms-field-container\"><div id=\"wpforms-1094-field_1-container\" class=\"wpforms-field wpforms-field-text\" data-field-id=\"1\"><label class=\"wpforms-field-label wpforms-label-hide\" for=\"wpforms-1094-field_1\">Nombre <span class=\"wpforms-required-label\">*<\/span><\/label><input type=\"text\" id=\"wpforms-1094-field_1\" class=\"wpforms-field-large wpforms-field-required\" name=\"wpforms[fields][1]\" placeholder=\"Nombre\" required><\/div><div id=\"wpforms-1094-field_2-container\" class=\"wpforms-field wpforms-field-text\" data-field-id=\"2\"><label class=\"wpforms-field-label wpforms-label-hide\" for=\"wpforms-1094-field_2\">E-Mail <span class=\"wpforms-required-label\">*<\/span><\/label><input type=\"text\" id=\"wpforms-1094-field_2\" class=\"wpforms-field-large wpforms-field-required\" name=\"wpforms[fields][2]\" placeholder=\"Correo electr\u00f3nico\" required><\/div><div id=\"wpforms-1094-field_3-container\" class=\"wpforms-field wpforms-field-text\" data-field-id=\"3\"><label class=\"wpforms-field-label wpforms-label-hide\" for=\"wpforms-1094-field_3\">Tel\u00e9fono<\/label><input type=\"text\" id=\"wpforms-1094-field_3\" class=\"wpforms-field-large\" name=\"wpforms[fields][3]\" placeholder=\"Tel\u00e9fono\" ><\/div><div id=\"wpforms-1094-field_4-container\" class=\"wpforms-field wpforms-field-textarea\" data-field-id=\"4\"><label class=\"wpforms-field-label wpforms-label-hide\" for=\"wpforms-1094-field_4\">Su comentario <span class=\"wpforms-required-label\">*<\/span><\/label><textarea id=\"wpforms-1094-field_4\" class=\"wpforms-field-medium wpforms-field-required\" name=\"wpforms[fields][4]\" placeholder=\"\u00bfC\u00f3mo podemos ayudarte?\" required><\/textarea><\/div><\/div><!-- .wpforms-field-container --><div class=\"wpforms-field wpforms-field-hp\"><label for=\"wpforms-1094-field-hp\" class=\"wpforms-field-label\">Correo electr\u00f3nico<\/label><input type=\"text\" name=\"wpforms[hp]\" id=\"wpforms-1094-field-hp\" class=\"wpforms-field-medium\"><\/div><div class=\"wpforms-submit-container\" ><input type=\"hidden\" name=\"wpforms[id]\" value=\"1094\"><input type=\"hidden\" name=\"page_title\" value=\"\"><input type=\"hidden\" name=\"page_url\" value=\"https:\/\/adrdesigns.net\/es\/wp-json\/wp\/v2\/pages\/1328\"><input type=\"hidden\" name=\"url_referer\" value=\"\"><button type=\"submit\" name=\"wpforms[submit]\" id=\"wpforms-submit-1094\" class=\"wpforms-submit\" data-alt-text=\"Sending...\" data-submit-text=\"Submit\" aria-live=\"assertive\" value=\"wpforms-submit\">Env\u00ede<\/button><\/div><label class=\"apbct_special_field\" id=\"apbct_label_id24807\" for=\"apbct__email_id__wp_wpforms_24807\">24807<\/label><input \n        id=\"apbct__email_id__wp_wpforms_24807\" \n        class=\"apbct_special_field apbct__email_id__wp_wpforms\"\n        autocomplete=\"off\" \n        name=\"apbct__email_id__wp_wpforms_24807\"  \n        type=\"text\" \n        value=\"24807\" \n        size=\"30\" \n        apbct_event_id=\"24807\"\n        maxlength=\"200\" \n    \/><input \n        id=\"apbct_event_id_wp_wpforms_24807\"\n        class=\"apbct_special_field\"\n        name=\"apbct_event_id\"\n        type=\"hidden\" \n        value=\"24807\" \n            \/><input type=\"hidden\" name=\"trp-form-language\" value=\"es\"\/><\/form><\/div>  <!-- .wpforms-container -->\n\n\t\t<\/div>\n\t<\/div>\n<\/div><\/div><\/div><\/div><\/div>\n<\/div>","protected":false},"excerpt":{"rendered":"","protected":false},"author":1,"featured_media":0,"parent":1322,"menu_order":0,"comment_status":"closed","ping_status":"closed","template":"","meta":{"footnotes":""},"class_list":["post-1328","page","type-page","status-publish","hentry","entry","no-media"],"yoast_head":"<!-- This site is optimized with the Yoast SEO plugin v27.2 - https:\/\/yoast.com\/product\/yoast-seo-wordpress\/ -->\n<title>Fine Art Logistics includes Shipping, Packaging and Delivery<\/title>\n<meta name=\"description\" content=\"Fine art logistics includes shipping, packaging, and delivery. Understanding each part of the process is crucial to avoid damages\" \/>\n<meta name=\"robots\" content=\"index, follow, max-snippet:-1, max-image-preview:large, max-video-preview:-1\" \/>\n<link rel=\"canonical\" href=\"https:\/\/adrdesigns.net\/es\/services\/fine-art-logistics\/\" \/>\n<meta property=\"og:locale\" content=\"es_ES\" \/>\n<meta property=\"og:type\" content=\"article\" \/>\n<meta property=\"og:title\" content=\"Fine Art Logistics includes Shipping, Packaging and Delivery\" \/>\n<meta property=\"og:description\" content=\"Fine art logistics includes shipping, packaging, and delivery. Understanding each part of the process is crucial to avoid damages\" \/>\n<meta property=\"og:url\" content=\"https:\/\/adrdesigns.net\/es\/services\/fine-art-logistics\/\" \/>\n<meta property=\"og:site_name\" content=\"ADR DESIGNS\" \/>\n<meta property=\"article:publisher\" content=\"https:\/\/www.facebook.com\/artdesignresources\/\" \/>\n<meta property=\"article:modified_time\" content=\"2020-07-16T03:51:33+00:00\" \/>\n<meta name=\"twitter:card\" content=\"summary_large_image\" \/>\n<meta name=\"twitter:label1\" content=\"Tiempo de lectura\" \/>\n\t<meta name=\"twitter:data1\" content=\"2 minutos\" \/>\n<script type=\"application\/ld+json\" class=\"yoast-schema-graph\">{\"@context\":\"https:\/\/schema.org\",\"@graph\":[{\"@type\":\"WebPage\",\"@id\":\"https:\/\/adrdesigns.net\/services\/fine-art-logistics\/\",\"url\":\"https:\/\/adrdesigns.net\/services\/fine-art-logistics\/\",\"name\":\"Fine Art Logistics includes Shipping, Packaging and Delivery\",\"isPartOf\":{\"@id\":\"https:\/\/adrdesigns.net\/#website\"},\"datePublished\":\"2019-02-12T05:43:54+00:00\",\"dateModified\":\"2020-07-16T03:51:33+00:00\",\"description\":\"Fine art logistics includes shipping, packaging, and delivery. Understanding each part of the process is crucial to avoid damages\",\"breadcrumb\":{\"@id\":\"https:\/\/adrdesigns.net\/services\/fine-art-logistics\/#breadcrumb\"},\"inLanguage\":\"es\",\"potentialAction\":[{\"@type\":\"ReadAction\",\"target\":[\"https:\/\/adrdesigns.net\/services\/fine-art-logistics\/\"]}]},{\"@type\":\"BreadcrumbList\",\"@id\":\"https:\/\/adrdesigns.net\/services\/fine-art-logistics\/#breadcrumb\",\"itemListElement\":[{\"@type\":\"ListItem\",\"position\":1,\"name\":\"Home\",\"item\":\"https:\/\/adrdesigns.net\/\"},{\"@type\":\"ListItem\",\"position\":2,\"name\":\"Services\",\"item\":\"https:\/\/adrdesigns.net\/services\/\"},{\"@type\":\"ListItem\",\"position\":3,\"name\":\"Fine Art Logistics\"}]},{\"@type\":\"WebSite\",\"@id\":\"https:\/\/adrdesigns.net\/#website\",\"url\":\"https:\/\/adrdesigns.net\/\",\"name\":\"ADR DESIGNS\",\"description\":\"ARTWORK, CUSTOM FRAMING, INSTALLATIONS\",\"publisher\":{\"@id\":\"https:\/\/adrdesigns.net\/#organization\"},\"potentialAction\":[{\"@type\":\"SearchAction\",\"target\":{\"@type\":\"EntryPoint\",\"urlTemplate\":\"https:\/\/adrdesigns.net\/?s={search_term_string}\"},\"query-input\":{\"@type\":\"PropertyValueSpecification\",\"valueRequired\":true,\"valueName\":\"search_term_string\"}}],\"inLanguage\":\"es\"},{\"@type\":\"Organization\",\"@id\":\"https:\/\/adrdesigns.net\/#organization\",\"name\":\"ADR DESIGNS\",\"url\":\"https:\/\/adrdesigns.net\/\",\"logo\":{\"@type\":\"ImageObject\",\"inLanguage\":\"es\",\"@id\":\"https:\/\/adrdesigns.net\/#\/schema\/logo\/image\/\",\"url\":\"https:\/\/adrdesigns.net\/wp-content\/uploads\/2025\/08\/ADR_D_LOGO.jpg\",\"contentUrl\":\"https:\/\/adrdesigns.net\/wp-content\/uploads\/2025\/08\/ADR_D_LOGO.jpg\",\"width\":1200,\"height\":1200,\"caption\":\"ADR DESIGNS\"},\"image\":{\"@id\":\"https:\/\/adrdesigns.net\/#\/schema\/logo\/image\/\"},\"sameAs\":[\"https:\/\/www.facebook.com\/artdesignresources\/\",\"https:\/\/www.instagram.com\/artdesignresources\/\"]}]}<\/script>\n<!-- \/ Yoast SEO plugin. -->","yoast_head_json":{"title":"Fine Art Logistics includes Shipping, Packaging and Delivery","description":"Fine art logistics includes shipping, packaging, and delivery. Understanding each part of the process is crucial to avoid damages","robots":{"index":"index","follow":"follow","max-snippet":"max-snippet:-1","max-image-preview":"max-image-preview:large","max-video-preview":"max-video-preview:-1"},"canonical":"https:\/\/adrdesigns.net\/es\/services\/fine-art-logistics\/","og_locale":"es_ES","og_type":"article","og_title":"Fine Art Logistics includes Shipping, Packaging and Delivery","og_description":"Fine art logistics includes shipping, packaging, and delivery. Understanding each part of the process is crucial to avoid damages","og_url":"https:\/\/adrdesigns.net\/es\/services\/fine-art-logistics\/","og_site_name":"ADR DESIGNS","article_publisher":"https:\/\/www.facebook.com\/artdesignresources\/","article_modified_time":"2020-07-16T03:51:33+00:00","twitter_card":"summary_large_image","twitter_misc":{"Tiempo de lectura":"2 minutos"},"schema":{"@context":"https:\/\/schema.org","@graph":[{"@type":"WebPage","@id":"https:\/\/adrdesigns.net\/services\/fine-art-logistics\/","url":"https:\/\/adrdesigns.net\/services\/fine-art-logistics\/","name":"Fine Art Logistics includes Shipping, Packaging and Delivery","isPartOf":{"@id":"https:\/\/adrdesigns.net\/#website"},"datePublished":"2019-02-12T05:43:54+00:00","dateModified":"2020-07-16T03:51:33+00:00","description":"Fine art logistics includes shipping, packaging, and delivery. Understanding each part of the process is crucial to avoid damages","breadcrumb":{"@id":"https:\/\/adrdesigns.net\/services\/fine-art-logistics\/#breadcrumb"},"inLanguage":"es","potentialAction":[{"@type":"ReadAction","target":["https:\/\/adrdesigns.net\/services\/fine-art-logistics\/"]}]},{"@type":"BreadcrumbList","@id":"https:\/\/adrdesigns.net\/services\/fine-art-logistics\/#breadcrumb","itemListElement":[{"@type":"ListItem","position":1,"name":"Home","item":"https:\/\/adrdesigns.net\/"},{"@type":"ListItem","position":2,"name":"Services","item":"https:\/\/adrdesigns.net\/services\/"},{"@type":"ListItem","position":3,"name":"Fine Art Logistics"}]},{"@type":"WebSite","@id":"https:\/\/adrdesigns.net\/#website","url":"https:\/\/adrdesigns.net\/","name":"DISE\u00d1OS ADR","description":"OBRAS DE ARTE, ENMARCACIONES PERSONALIZADAS, INSTALACIONES","publisher":{"@id":"https:\/\/adrdesigns.net\/#organization"},"potentialAction":[{"@type":"SearchAction","target":{"@type":"EntryPoint","urlTemplate":"https:\/\/adrdesigns.net\/?s={search_term_string}"},"query-input":{"@type":"PropertyValueSpecification","valueRequired":true,"valueName":"search_term_string"}}],"inLanguage":"es"},{"@type":"Organization","@id":"https:\/\/adrdesigns.net\/#organization","name":"DISE\u00d1OS ADR","url":"https:\/\/adrdesigns.net\/","logo":{"@type":"ImageObject","inLanguage":"es","@id":"https:\/\/adrdesigns.net\/#\/schema\/logo\/image\/","url":"https:\/\/adrdesigns.net\/wp-content\/uploads\/2025\/08\/ADR_D_LOGO.jpg","contentUrl":"https:\/\/adrdesigns.net\/wp-content\/uploads\/2025\/08\/ADR_D_LOGO.jpg","width":1200,"height":1200,"caption":"ADR DESIGNS"},"image":{"@id":"https:\/\/adrdesigns.net\/#\/schema\/logo\/image\/"},"sameAs":["https:\/\/www.facebook.com\/artdesignresources\/","https:\/\/www.instagram.com\/artdesignresources\/"]}]}},"_links":{"self":[{"href":"https:\/\/adrdesigns.net\/es\/wp-json\/wp\/v2\/pages\/1328","targetHints":{"allow":["GET"]}}],"collection":[{"href":"https:\/\/adrdesigns.net\/es\/wp-json\/wp\/v2\/pages"}],"about":[{"href":"https:\/\/adrdesigns.net\/es\/wp-json\/wp\/v2\/types\/page"}],"author":[{"embeddable":true,"href":"https:\/\/adrdesigns.net\/es\/wp-json\/wp\/v2\/users\/1"}],"replies":[{"embeddable":true,"href":"https:\/\/adrdesigns.net\/es\/wp-json\/wp\/v2\/comments?post=1328"}],"version-history":[{"count":0,"href":"https:\/\/adrdesigns.net\/es\/wp-json\/wp\/v2\/pages\/1328\/revisions"}],"up":[{"embeddable":true,"href":"https:\/\/adrdesigns.net\/es\/wp-json\/wp\/v2\/pages\/1322"}],"wp:attachment":[{"href":"https:\/\/adrdesigns.net\/es\/wp-json\/wp\/v2\/media?parent=1328"}],"curies":[{"name":"wp","href":"https:\/\/api.w.org\/{rel}","templated":true}]}}