{"id":1330,"date":"2019-02-12T00:44:44","date_gmt":"2019-02-12T05:44:44","guid":{"rendered":"https:\/\/artdesignresources.com\/?page_id=1330"},"modified":"2025-08-05T18:35:16","modified_gmt":"2025-08-05T22:35:16","slug":"art-installation","status":"publish","type":"page","link":"https:\/\/adrdesigns.net\/es\/services\/art-installation\/","title":{"rendered":"Instalaci\u00f3n art\u00edstica"},"content":{"rendered":"<div class=\"wpb-content-wrapper\"><div class=\"vc_row wpb_row vc_row-fluid\"><div class=\"wpb_column vc_column_container vc_col-sm-12\"><div class=\"vc_column-inner\"><div class=\"wpb_wrapper\"><div class=\"vc_empty_space\"   style=\"height: 32px\"><span class=\"vc_empty_space_inner\"><\/span><\/div>\n\t<div class=\"wpb_text_column wpb_content_element\" >\n\t\t<div class=\"wpb_wrapper\">\n\t\t\t<p>En <strong>DISE\u00d1OS ADR<\/strong>le evitamos todas las preocupaciones durante el proceso de instalaci\u00f3n de obras de arte.  Nuestros instaladores son cuidadosamente seleccionados para garantizar la m\u00e1xima profesionalidad y un servicio de calidad insuperable.<\/p>\n<h3>La instalaci\u00f3n de arte con ADR DESIGNS es r\u00e1pida, f\u00e1cil y sin preocupaciones.<\/h3>\n<p>Siempre hay un instalador asegurado en cada proyecto.  Las instalaciones pueden incluir esculturas, piezas multimedia, lienzos, cajas de sombra, espejos y mucho m\u00e1s.  Garantizamos que todas nuestras instalaciones est\u00e1n aseguradas, son seguras y est\u00e1n magistralmente instaladas.<\/p>\n\n\t\t<\/div>\n\t<\/div>\n<div class=\"vc_empty_space\"   style=\"height: 32px\"><span class=\"vc_empty_space_inner\"><\/span><\/div><div class=\"vcex-image-grid-wrap wpex-clr\"><div class=\"vcex-module vcex-image-grid grid-style-default wpex-row wpex-clr gap-20 wpex-lightbox-group\" data-thumbnails=\"false\" data-show_title=\"false\"><div class=\"id-1550 vcex-image-grid-entry vcex-grid-item textcenter span_1_of_3 col col-1\"><figure class=\"vcex-image-grid-entry-figure wpex-last-mb-0 wpex-clr\"><div class=\"vcex-image-grid-entry-img entry-media overlay-parent overlay-parent-magnifying-hover overlay-h wpex-overflow-hidden overlay-ms wpex-mb-20\"><a href=\"https:\/\/adrdesigns.net\/wp-content\/uploads\/2019\/02\/palos-verdes-1.jpg\" class=\"vcex-image-grid-entry-link wpex-lightbox-group-item\" data-thumbnails=\"false\" data-show_title=\"false\"><img loading=\"lazy\" class=\"wpex-align-middle\" alt=\"Palos Verdes\" decoding=\"async\" src=\"https:\/\/adrdesigns.net\/wp-content\/uploads\/2019\/02\/palos-verdes-1-420x315.jpg\" width=\"420\" height=\"315\">\n<div class=\"magnifying-hover theme-overlay overlay-hide wpex-absolute wpex-inset-0 wpex-transition-all wpex-duration-300 wpex-text-white wpex-text-2xl wpex-flex wpex-items-center wpex-justify-center\" aria-hidden=\"true\">\n\t<span class=\"overlay-bg wpex-bg-black wpex-block wpex-absolute wpex-inset-0 wpex-opacity-60\"><\/span>\n\t<span class=\"wpex-relative ticon ticon-search\" aria-hidden=\"true\"><\/span><\/div>\n<\/a><\/div><\/figure><\/div><div class=\"id-1551 vcex-image-grid-entry vcex-grid-item textcenter span_1_of_3 col col-2\"><figure class=\"vcex-image-grid-entry-figure wpex-last-mb-0 wpex-clr\"><div class=\"vcex-image-grid-entry-img entry-media overlay-parent overlay-parent-magnifying-hover overlay-h wpex-overflow-hidden overlay-ms wpex-mb-20\"><a href=\"https:\/\/adrdesigns.net\/wp-content\/uploads\/2019\/02\/palos-verdes-2.jpg\" class=\"vcex-image-grid-entry-link wpex-lightbox-group-item\" data-thumbnails=\"false\" data-show_title=\"false\"><img loading=\"lazy\" class=\"wpex-align-middle\" alt=\"Palos Verdes\" decoding=\"async\" src=\"https:\/\/adrdesigns.net\/wp-content\/uploads\/2019\/02\/palos-verdes-2-420x315.jpg\" width=\"420\" height=\"315\">\n<div class=\"magnifying-hover theme-overlay overlay-hide wpex-absolute wpex-inset-0 wpex-transition-all wpex-duration-300 wpex-text-white wpex-text-2xl wpex-flex wpex-items-center wpex-justify-center\" aria-hidden=\"true\">\n\t<span class=\"overlay-bg wpex-bg-black wpex-block wpex-absolute wpex-inset-0 wpex-opacity-60\"><\/span>\n\t<span class=\"wpex-relative ticon ticon-search\" aria-hidden=\"true\"><\/span><\/div>\n<\/a><\/div><\/figure><\/div><div class=\"id-1552 vcex-image-grid-entry vcex-grid-item textcenter span_1_of_3 col col-3\"><figure class=\"vcex-image-grid-entry-figure wpex-last-mb-0 wpex-clr\"><div class=\"vcex-image-grid-entry-img entry-media overlay-parent overlay-parent-magnifying-hover overlay-h wpex-overflow-hidden overlay-ms wpex-mb-20\"><a href=\"https:\/\/adrdesigns.net\/wp-content\/uploads\/2019\/02\/palos-verdes-3.jpg\" class=\"vcex-image-grid-entry-link wpex-lightbox-group-item\" data-thumbnails=\"false\" data-show_title=\"false\"><img loading=\"lazy\" class=\"wpex-align-middle\" alt=\"Palos Verdes\" decoding=\"async\" src=\"https:\/\/adrdesigns.net\/wp-content\/uploads\/2019\/02\/palos-verdes-3-420x315.jpg\" width=\"420\" height=\"315\">\n<div class=\"magnifying-hover theme-overlay overlay-hide wpex-absolute wpex-inset-0 wpex-transition-all wpex-duration-300 wpex-text-white wpex-text-2xl wpex-flex wpex-items-center wpex-justify-center\" aria-hidden=\"true\">\n\t<span class=\"overlay-bg wpex-bg-black wpex-block wpex-absolute wpex-inset-0 wpex-opacity-60\"><\/span>\n\t<span class=\"wpex-relative ticon ticon-search\" aria-hidden=\"true\"><\/span><\/div>\n<\/a><\/div><\/figure><\/div><\/div><\/div><div class=\"vc_empty_space\"   style=\"height: 12px\"><span class=\"vc_empty_space_inner\"><\/span><\/div>\n\t<div class=\"wpb_text_column wpb_content_element\" >\n\t\t<div class=\"wpb_wrapper\">\n\t\t\t<h3>Instalaciones Comerciales y Residenciales simplificadas.<\/h3>\n<p>Las instalaciones pueden ser un proceso largo y tedioso, sobre todo en funci\u00f3n del volumen de arte que haya que instalar.  Nuestra experiencia en grandes proyectos, tanto residenciales como comerciales, hace que nuestras instalaciones sean \u00fanicas.   Sabemos c\u00f3mo desenvolvernos en una obra en construcci\u00f3n, trabajar con varios contratistas y gestionar grandes cantidades de obras de arte.<\/p>\n\n\t\t<\/div>\n\t<\/div>\n<div class=\"vc_empty_space\"   style=\"height: 32px\"><span class=\"vc_empty_space_inner\"><\/span><\/div><div class=\"vcex-image-grid-wrap wpex-clr\"><div class=\"vcex-module vcex-image-grid grid-style-default wpex-row wpex-clr gap-20 wpex-lightbox-group\" data-thumbnails=\"false\" data-show_title=\"false\"><div class=\"id-1718 vcex-image-grid-entry vcex-grid-item textcenter span_1_of_3 col col-1\"><figure class=\"vcex-image-grid-entry-figure wpex-last-mb-0 wpex-clr\"><div class=\"vcex-image-grid-entry-img entry-media overlay-parent overlay-parent-magnifying-hover overlay-h wpex-overflow-hidden overlay-ms wpex-mb-20\"><a href=\"https:\/\/adrdesigns.net\/wp-content\/uploads\/2019\/03\/Green-Bay-Packers-art-installation.jpg\" class=\"vcex-image-grid-entry-link wpex-lightbox-group-item\" data-thumbnails=\"false\" data-show_title=\"false\"><img loading=\"lazy\" class=\"wpex-align-middle\" alt=\"Green Bay Packers Art Installation\" decoding=\"async\" src=\"https:\/\/adrdesigns.net\/wp-content\/uploads\/2019\/03\/Green-Bay-Packers-art-installation-420x315.jpg\" width=\"420\" height=\"315\">\n<div class=\"magnifying-hover theme-overlay overlay-hide wpex-absolute wpex-inset-0 wpex-transition-all wpex-duration-300 wpex-text-white wpex-text-2xl wpex-flex wpex-items-center wpex-justify-center\" aria-hidden=\"true\">\n\t<span class=\"overlay-bg wpex-bg-black wpex-block wpex-absolute wpex-inset-0 wpex-opacity-60\"><\/span>\n\t<span class=\"wpex-relative ticon ticon-search\" aria-hidden=\"true\"><\/span><\/div>\n<\/a><\/div><\/figure><\/div><div class=\"id-1719 vcex-image-grid-entry vcex-grid-item textcenter span_1_of_3 col col-2\"><figure class=\"vcex-image-grid-entry-figure wpex-last-mb-0 wpex-clr\"><div class=\"vcex-image-grid-entry-img entry-media overlay-parent overlay-parent-magnifying-hover overlay-h wpex-overflow-hidden overlay-ms wpex-mb-20\"><a href=\"https:\/\/adrdesigns.net\/wp-content\/uploads\/2019\/03\/Intersection-art-installation.jpg\" class=\"vcex-image-grid-entry-link wpex-lightbox-group-item\" data-thumbnails=\"false\" data-show_title=\"false\"><img loading=\"lazy\" class=\"wpex-align-middle\" alt=\"Intersection Art Installation\" decoding=\"async\" src=\"https:\/\/adrdesigns.net\/wp-content\/uploads\/2019\/03\/Intersection-art-installation-420x315.jpg\" width=\"420\" height=\"315\">\n<div class=\"magnifying-hover theme-overlay overlay-hide wpex-absolute wpex-inset-0 wpex-transition-all wpex-duration-300 wpex-text-white wpex-text-2xl wpex-flex wpex-items-center wpex-justify-center\" aria-hidden=\"true\">\n\t<span class=\"overlay-bg wpex-bg-black wpex-block wpex-absolute wpex-inset-0 wpex-opacity-60\"><\/span>\n\t<span class=\"wpex-relative ticon ticon-search\" aria-hidden=\"true\"><\/span><\/div>\n<\/a><\/div><\/figure><\/div><div class=\"id-1720 vcex-image-grid-entry vcex-grid-item textcenter span_1_of_3 col col-3\"><figure class=\"vcex-image-grid-entry-figure wpex-last-mb-0 wpex-clr\"><div class=\"vcex-image-grid-entry-img entry-media overlay-parent overlay-parent-magnifying-hover overlay-h wpex-overflow-hidden overlay-ms wpex-mb-20\"><a href=\"https:\/\/adrdesigns.net\/wp-content\/uploads\/2019\/03\/modern-art-installation.jpg\" class=\"vcex-image-grid-entry-link wpex-lightbox-group-item\" data-thumbnails=\"false\" data-show_title=\"false\"><img loading=\"lazy\" class=\"wpex-align-middle\" alt=\"Modern Art Installation\" decoding=\"async\" src=\"https:\/\/adrdesigns.net\/wp-content\/uploads\/2019\/03\/modern-art-installation-420x315.jpg\" width=\"420\" height=\"315\">\n<div class=\"magnifying-hover theme-overlay overlay-hide wpex-absolute wpex-inset-0 wpex-transition-all wpex-duration-300 wpex-text-white wpex-text-2xl wpex-flex wpex-items-center wpex-justify-center\" aria-hidden=\"true\">\n\t<span class=\"overlay-bg wpex-bg-black wpex-block wpex-absolute wpex-inset-0 wpex-opacity-60\"><\/span>\n\t<span class=\"wpex-relative ticon ticon-search\" aria-hidden=\"true\"><\/span><\/div>\n<\/a><\/div><\/figure><\/div><\/div><\/div><div class=\"vc_empty_space\"   style=\"height: 12px\"><span class=\"vc_empty_space_inner\"><\/span><\/div>\n\t<div class=\"wpb_text_column wpb_content_element\" >\n\t\t<div class=\"wpb_wrapper\">\n\t\t\t<h3>El tama\u00f1o y los detalles de cada cuadro pueden dictar d\u00f3nde debe colgar.<\/h3>\n<p>Ahora que su marco personalizado ha llegado es el momento de comenzar la instalaci\u00f3n.  Pueden surgir muchas preguntas: \u00bfC\u00f3mo colgar un marco? \u00bfQu\u00e9 tipo de clavo?  \u00bfD\u00f3nde se colgar\u00e1 en la pared?  \u00bfA qu\u00e9 distancia debe estar de una puerta o de una l\u00e1mpara? Perm\u00edtanos responder a todas esas preguntas.<\/p>\n<h3>Las instalaciones requieren la resoluci\u00f3n de problemas, la atenci\u00f3n a los detalles y la precisi\u00f3n.<\/h3>\n<p>Este proceso implica preparar el escenario, comprobando la iluminaci\u00f3n, buscando una pared segura y evaluando los accesorios que puedan existir cerca de la obra.  Es crucial instalar correctamente las obras de arte para evitar que se caigan, ya que estos da\u00f1os pueden costar bastante o ser irremplazables.<\/p>\n<p>Nuestras instalaciones le proporcionar\u00e1n una completa satisfacci\u00f3n al ver su proyecto final.  Nos gusta poder formar parte de todo el proceso, de principio a fin.<\/p>\n\n\t\t<\/div>\n\t<\/div>\n<\/div><\/div><\/div><\/div><div class=\"vc_section\"><div class=\"vc_row wpb_row vc_row-fluid\"><div class=\"wpb_column vc_column_container vc_col-sm-12\"><div class=\"vc_column-inner\"><div class=\"wpb_wrapper\">\n\t<div class=\"wpb_text_column wpb_content_element\" >\n\t\t<div class=\"wpb_wrapper\">\n\t\t\t<p>[ultimate_modal btn_size=\"lg\" btn_bg_color=\"#ffffff\" btn_bg_hover_color=\"#f7f7f7\u2033 btn_text=\"Programe una consulta hoy mismo\" modal_style=\"overlay-show-genie\" overlay_bg_opacity=\"80\u2033 modal_border_style=\"solid\" modal_border_width=\"1\u2033 modal_border_radius=\"10\u2033 img_size=\"80\u2033 btn_txt_color=\"#870100\u2033]<\/p>\n<h3 style=\"margin: 10px 0 10px 0; font-weight: 400;\">Programe una consulta con nosotros<\/h3>\n<div class=\"wpforms-container wpforms-container-full\" id=\"wpforms-1094\"><form id=\"wpforms-form-1094\" class=\"wpforms-validate wpforms-form\" data-formid=\"1094\" method=\"post\" enctype=\"multipart\/form-data\" action=\"\/es\/wp-json\/wp\/v2\/pages\/1330\" data-token=\"129c3e35a5a882eea5c3026544d9ab63\" data-token-time=\"1778087541\" data-trp-original-action=\"\/es\/wp-json\/wp\/v2\/pages\/1330\"><noscript class=\"wpforms-error-noscript\">Por favor, active JavaScript en su navegador para completar este formulario.<\/noscript><div class=\"wpforms-field-container\"><div id=\"wpforms-1094-field_1-container\" class=\"wpforms-field wpforms-field-text\" data-field-id=\"1\"><label class=\"wpforms-field-label wpforms-label-hide\" for=\"wpforms-1094-field_1\">Nombre <span class=\"wpforms-required-label\">*<\/span><\/label><input type=\"text\" id=\"wpforms-1094-field_1\" class=\"wpforms-field-large wpforms-field-required\" name=\"wpforms[fields][1]\" placeholder=\"Nombre\" required><\/div><div id=\"wpforms-1094-field_2-container\" class=\"wpforms-field wpforms-field-text\" data-field-id=\"2\"><label class=\"wpforms-field-label wpforms-label-hide\" for=\"wpforms-1094-field_2\">E-Mail <span class=\"wpforms-required-label\">*<\/span><\/label><input type=\"text\" id=\"wpforms-1094-field_2\" class=\"wpforms-field-large wpforms-field-required\" name=\"wpforms[fields][2]\" placeholder=\"Correo electr\u00f3nico\" required><\/div><div id=\"wpforms-1094-field_3-container\" class=\"wpforms-field wpforms-field-text\" data-field-id=\"3\"><label class=\"wpforms-field-label wpforms-label-hide\" for=\"wpforms-1094-field_3\">Tel\u00e9fono<\/label><input type=\"text\" id=\"wpforms-1094-field_3\" class=\"wpforms-field-large\" name=\"wpforms[fields][3]\" placeholder=\"Tel\u00e9fono\" ><\/div><div id=\"wpforms-1094-field_4-container\" class=\"wpforms-field wpforms-field-textarea\" data-field-id=\"4\"><label class=\"wpforms-field-label wpforms-label-hide\" for=\"wpforms-1094-field_4\">Su comentario <span class=\"wpforms-required-label\">*<\/span><\/label><textarea id=\"wpforms-1094-field_4\" class=\"wpforms-field-medium wpforms-field-required\" name=\"wpforms[fields][4]\" placeholder=\"\u00bfC\u00f3mo podemos ayudarte?\" required><\/textarea><\/div><\/div><!-- .wpforms-field-container --><div class=\"wpforms-field wpforms-field-hp\"><label for=\"wpforms-1094-field-hp\" class=\"wpforms-field-label\">Nombre<\/label><input type=\"text\" name=\"wpforms[hp]\" id=\"wpforms-1094-field-hp\" class=\"wpforms-field-medium\"><\/div><div class=\"wpforms-submit-container\" ><input type=\"hidden\" name=\"wpforms[id]\" value=\"1094\"><input type=\"hidden\" name=\"page_title\" value=\"\"><input type=\"hidden\" name=\"page_url\" value=\"https:\/\/adrdesigns.net\/es\/wp-json\/wp\/v2\/pages\/1330\"><input type=\"hidden\" name=\"url_referer\" value=\"\"><button type=\"submit\" name=\"wpforms[submit]\" id=\"wpforms-submit-1094\" class=\"wpforms-submit\" data-alt-text=\"Sending...\" data-submit-text=\"Submit\" aria-live=\"assertive\" value=\"wpforms-submit\">Env\u00ede<\/button><\/div><label class=\"apbct_special_field\" id=\"apbct_label_id61671\" for=\"apbct__email_id__wp_wpforms_61671\">61671<\/label><input \n        id=\"apbct__email_id__wp_wpforms_61671\" \n        class=\"apbct_special_field apbct__email_id__wp_wpforms\"\n        autocomplete=\"off\" \n        name=\"apbct__email_id__wp_wpforms_61671\"  \n        type=\"text\" \n        value=\"61671\" \n        size=\"30\" \n        apbct_event_id=\"61671\"\n        maxlength=\"200\" \n    \/><input \n        id=\"apbct_event_id_wp_wpforms_61671\"\n        class=\"apbct_special_field\"\n        name=\"apbct_event_id\"\n        type=\"hidden\" \n        value=\"61671\" \n            \/><input type=\"hidden\" name=\"trp-form-language\" value=\"es\"\/><\/form><\/div>  <!-- .wpforms-container -->[\/\u00faltimo_modal]<\/p>\n\n\t\t<\/div>\n\t<\/div>\n<\/div><\/div><\/div><\/div><\/div>\n<\/div>","protected":false},"excerpt":{"rendered":"","protected":false},"author":1,"featured_media":0,"parent":1322,"menu_order":0,"comment_status":"closed","ping_status":"closed","template":"","meta":{"footnotes":""},"class_list":["post-1330","page","type-page","status-publish","hentry","entry","no-media"],"yoast_head":"<!-- This site is optimized with the Yoast SEO plugin v27.2 - https:\/\/yoast.com\/product\/yoast-seo-wordpress\/ -->\n<title>Art Installation by professionals at ADR DESIGNS<\/title>\n<meta name=\"description\" content=\"At ADR DESIGNS, we take all of the worry out of the art installation process.\u00a0 Our installers are carefully selected\" \/>\n<meta name=\"robots\" content=\"index, follow, max-snippet:-1, max-image-preview:large, max-video-preview:-1\" \/>\n<link rel=\"canonical\" href=\"https:\/\/adrdesigns.net\/es\/services\/art-installation\/\" \/>\n<meta property=\"og:locale\" content=\"es_ES\" \/>\n<meta property=\"og:type\" content=\"article\" \/>\n<meta property=\"og:title\" content=\"Art Installation by professionals at ADR DESIGNS\" \/>\n<meta property=\"og:description\" content=\"At ADR DESIGNS, we take all of the worry out of the art installation process.\u00a0 Our installers are carefully selected\" \/>\n<meta property=\"og:url\" content=\"https:\/\/adrdesigns.net\/es\/services\/art-installation\/\" \/>\n<meta property=\"og:site_name\" content=\"ADR DESIGNS\" \/>\n<meta property=\"article:publisher\" content=\"https:\/\/www.facebook.com\/artdesignresources\/\" \/>\n<meta property=\"article:modified_time\" content=\"2025-08-05T22:35:16+00:00\" \/>\n<meta name=\"twitter:card\" content=\"summary_large_image\" \/>\n<meta name=\"twitter:label1\" content=\"Tiempo de lectura\" \/>\n\t<meta name=\"twitter:data1\" content=\"2 minutos\" \/>\n<script type=\"application\/ld+json\" class=\"yoast-schema-graph\">{\"@context\":\"https:\/\/schema.org\",\"@graph\":[{\"@type\":\"WebPage\",\"@id\":\"https:\/\/adrdesigns.net\/services\/art-installation\/\",\"url\":\"https:\/\/adrdesigns.net\/services\/art-installation\/\",\"name\":\"Art Installation by professionals at ADR DESIGNS\",\"isPartOf\":{\"@id\":\"https:\/\/adrdesigns.net\/#website\"},\"datePublished\":\"2019-02-12T05:44:44+00:00\",\"dateModified\":\"2025-08-05T22:35:16+00:00\",\"description\":\"At ADR DESIGNS, we take all of the worry out of the art installation process.\u00a0 Our installers are carefully selected\",\"breadcrumb\":{\"@id\":\"https:\/\/adrdesigns.net\/services\/art-installation\/#breadcrumb\"},\"inLanguage\":\"es\",\"potentialAction\":[{\"@type\":\"ReadAction\",\"target\":[\"https:\/\/adrdesigns.net\/services\/art-installation\/\"]}]},{\"@type\":\"BreadcrumbList\",\"@id\":\"https:\/\/adrdesigns.net\/services\/art-installation\/#breadcrumb\",\"itemListElement\":[{\"@type\":\"ListItem\",\"position\":1,\"name\":\"Home\",\"item\":\"https:\/\/adrdesigns.net\/\"},{\"@type\":\"ListItem\",\"position\":2,\"name\":\"Services\",\"item\":\"https:\/\/adrdesigns.net\/services\/\"},{\"@type\":\"ListItem\",\"position\":3,\"name\":\"Art Installation\"}]},{\"@type\":\"WebSite\",\"@id\":\"https:\/\/adrdesigns.net\/#website\",\"url\":\"https:\/\/adrdesigns.net\/\",\"name\":\"ADR DESIGNS\",\"description\":\"ARTWORK, CUSTOM FRAMING, INSTALLATIONS\",\"publisher\":{\"@id\":\"https:\/\/adrdesigns.net\/#organization\"},\"potentialAction\":[{\"@type\":\"SearchAction\",\"target\":{\"@type\":\"EntryPoint\",\"urlTemplate\":\"https:\/\/adrdesigns.net\/?s={search_term_string}\"},\"query-input\":{\"@type\":\"PropertyValueSpecification\",\"valueRequired\":true,\"valueName\":\"search_term_string\"}}],\"inLanguage\":\"es\"},{\"@type\":\"Organization\",\"@id\":\"https:\/\/adrdesigns.net\/#organization\",\"name\":\"ADR DESIGNS\",\"url\":\"https:\/\/adrdesigns.net\/\",\"logo\":{\"@type\":\"ImageObject\",\"inLanguage\":\"es\",\"@id\":\"https:\/\/adrdesigns.net\/#\/schema\/logo\/image\/\",\"url\":\"https:\/\/adrdesigns.net\/wp-content\/uploads\/2025\/08\/ADR_D_LOGO.jpg\",\"contentUrl\":\"https:\/\/adrdesigns.net\/wp-content\/uploads\/2025\/08\/ADR_D_LOGO.jpg\",\"width\":1200,\"height\":1200,\"caption\":\"ADR DESIGNS\"},\"image\":{\"@id\":\"https:\/\/adrdesigns.net\/#\/schema\/logo\/image\/\"},\"sameAs\":[\"https:\/\/www.facebook.com\/artdesignresources\/\",\"https:\/\/www.instagram.com\/artdesignresources\/\"]}]}<\/script>\n<!-- \/ Yoast SEO plugin. -->","yoast_head_json":{"title":"Art Installation by professionals at ADR DESIGNS","description":"At ADR DESIGNS, we take all of the worry out of the art installation process.\u00a0 Our installers are carefully selected","robots":{"index":"index","follow":"follow","max-snippet":"max-snippet:-1","max-image-preview":"max-image-preview:large","max-video-preview":"max-video-preview:-1"},"canonical":"https:\/\/adrdesigns.net\/es\/services\/art-installation\/","og_locale":"es_ES","og_type":"article","og_title":"Art Installation by professionals at ADR DESIGNS","og_description":"At ADR DESIGNS, we take all of the worry out of the art installation process.\u00a0 Our installers are carefully selected","og_url":"https:\/\/adrdesigns.net\/es\/services\/art-installation\/","og_site_name":"ADR DESIGNS","article_publisher":"https:\/\/www.facebook.com\/artdesignresources\/","article_modified_time":"2025-08-05T22:35:16+00:00","twitter_card":"summary_large_image","twitter_misc":{"Tiempo de lectura":"2 minutos"},"schema":{"@context":"https:\/\/schema.org","@graph":[{"@type":"WebPage","@id":"https:\/\/adrdesigns.net\/services\/art-installation\/","url":"https:\/\/adrdesigns.net\/services\/art-installation\/","name":"Art Installation by professionals at ADR DESIGNS","isPartOf":{"@id":"https:\/\/adrdesigns.net\/#website"},"datePublished":"2019-02-12T05:44:44+00:00","dateModified":"2025-08-05T22:35:16+00:00","description":"At ADR DESIGNS, we take all of the worry out of the art installation process.\u00a0 Our installers are carefully selected","breadcrumb":{"@id":"https:\/\/adrdesigns.net\/services\/art-installation\/#breadcrumb"},"inLanguage":"es","potentialAction":[{"@type":"ReadAction","target":["https:\/\/adrdesigns.net\/services\/art-installation\/"]}]},{"@type":"BreadcrumbList","@id":"https:\/\/adrdesigns.net\/services\/art-installation\/#breadcrumb","itemListElement":[{"@type":"ListItem","position":1,"name":"Home","item":"https:\/\/adrdesigns.net\/"},{"@type":"ListItem","position":2,"name":"Services","item":"https:\/\/adrdesigns.net\/services\/"},{"@type":"ListItem","position":3,"name":"Art Installation"}]},{"@type":"WebSite","@id":"https:\/\/adrdesigns.net\/#website","url":"https:\/\/adrdesigns.net\/","name":"DISE\u00d1OS ADR","description":"OBRAS DE ARTE, ENMARCACIONES PERSONALIZADAS, INSTALACIONES","publisher":{"@id":"https:\/\/adrdesigns.net\/#organization"},"potentialAction":[{"@type":"SearchAction","target":{"@type":"EntryPoint","urlTemplate":"https:\/\/adrdesigns.net\/?s={search_term_string}"},"query-input":{"@type":"PropertyValueSpecification","valueRequired":true,"valueName":"search_term_string"}}],"inLanguage":"es"},{"@type":"Organization","@id":"https:\/\/adrdesigns.net\/#organization","name":"DISE\u00d1OS ADR","url":"https:\/\/adrdesigns.net\/","logo":{"@type":"ImageObject","inLanguage":"es","@id":"https:\/\/adrdesigns.net\/#\/schema\/logo\/image\/","url":"https:\/\/adrdesigns.net\/wp-content\/uploads\/2025\/08\/ADR_D_LOGO.jpg","contentUrl":"https:\/\/adrdesigns.net\/wp-content\/uploads\/2025\/08\/ADR_D_LOGO.jpg","width":1200,"height":1200,"caption":"ADR DESIGNS"},"image":{"@id":"https:\/\/adrdesigns.net\/#\/schema\/logo\/image\/"},"sameAs":["https:\/\/www.facebook.com\/artdesignresources\/","https:\/\/www.instagram.com\/artdesignresources\/"]}]}},"_links":{"self":[{"href":"https:\/\/adrdesigns.net\/es\/wp-json\/wp\/v2\/pages\/1330","targetHints":{"allow":["GET"]}}],"collection":[{"href":"https:\/\/adrdesigns.net\/es\/wp-json\/wp\/v2\/pages"}],"about":[{"href":"https:\/\/adrdesigns.net\/es\/wp-json\/wp\/v2\/types\/page"}],"author":[{"embeddable":true,"href":"https:\/\/adrdesigns.net\/es\/wp-json\/wp\/v2\/users\/1"}],"replies":[{"embeddable":true,"href":"https:\/\/adrdesigns.net\/es\/wp-json\/wp\/v2\/comments?post=1330"}],"version-history":[{"count":1,"href":"https:\/\/adrdesigns.net\/es\/wp-json\/wp\/v2\/pages\/1330\/revisions"}],"predecessor-version":[{"id":6555,"href":"https:\/\/adrdesigns.net\/es\/wp-json\/wp\/v2\/pages\/1330\/revisions\/6555"}],"up":[{"embeddable":true,"href":"https:\/\/adrdesigns.net\/es\/wp-json\/wp\/v2\/pages\/1322"}],"wp:attachment":[{"href":"https:\/\/adrdesigns.net\/es\/wp-json\/wp\/v2\/media?parent=1330"}],"curies":[{"name":"wp","href":"https:\/\/api.w.org\/{rel}","templated":true}]}}