{"id":1355,"date":"2019-02-12T01:38:45","date_gmt":"2019-02-12T06:38:45","guid":{"rendered":"https:\/\/artdesignresources.com\/?page_id=1355"},"modified":"2025-08-05T18:16:48","modified_gmt":"2025-08-06T01:16:48","slug":"art-design","status":"publish","type":"page","link":"https:\/\/adrdesigns.net\/es\/art-design\/","title":{"rendered":"Sobre nosotros"},"content":{"rendered":"<div class=\"wpb-content-wrapper\"><div class=\"vc_section vc_custom_1551964096117\"><div class=\"vc_row wpb_row vc_row-fluid no-bottom-margins\"><div class=\"wpb_column vc_column_container vc_col-sm-8\"><div class=\"vc_column-inner\"><div class=\"wpb_wrapper\">\n\t<div class=\"wpb_text_column wpb_content_element\" >\n\t\t<div class=\"wpb_wrapper\">\n\t\t\t<h3 style=\"font-weight: 400;\"><span class=\"wpex-text-2xl\">Acerca de ADR DESIGNS <\/span><\/h3>\n<p style=\"font-weight: 400;\">En ADR DESIGNS, creemos que el arte no es s\u00f3lo un acento, es una experiencia. Desde 1988, hemos comisariado, encargado y colocado obras de arte que transforman espacios y elevan entornos. Con m\u00e1s de cinco d\u00e9cadas de experiencia combinada, los socios Antoinette de la Espriella y Anthony Joseph Ruiz han convertido ADR DESIGNS en un socio creativo de confianza para clientes exigentes de todos los sectores.<\/p>\n<p style=\"font-weight: 400;\">Nuestro trabajo abarca desde la creaci\u00f3n de colecciones corporativas ic\u00f3nicas hasta el comisariado de instalaciones espec\u00edficas y la producci\u00f3n de exposiciones tanto en lugares tradicionales como inesperados. Tanto si se trata de un proyecto de hosteler\u00eda boutique como de una sede mundial, nuestro enfoque es colaborativo, personalizado y siempre impulsado por un agudo ojo para el impacto est\u00e9tico.<\/p>\n<p style=\"font-weight: 400;\">Durante los \u00faltimos 35 a\u00f1os, ADR DESIGNS ha colaborado con dise\u00f1adores de interiores, arquitectos y coleccionistas privados en proyectos que van desde espacios \u00edntimos a proyectos a gran escala, conservando colecciones que van de 100 a m\u00e1s de 3.500 piezas. Nuestra cartera<\/p>\n<p style=\"font-weight: 400;\">Incluye m\u00e1s de 5 millones de pies cuadrados de obras de arte instaladas, desde sanidad y hosteler\u00eda hasta entretenimiento y deportes.<\/p>\n<p style=\"font-weight: 400;\">Nuestros clientes recurren a nosotros por nuestra agilidad creativa, nuestro profundo conocimiento del sector y nuestra perfecta ejecuci\u00f3n. Esta reputaci\u00f3n nos ha hecho merecedores de la confianza de marcas visionarias como Raytheon, Princess Cruises, Little Company of Mary, Green Bay Packers, THE 49ERS y New York Yankees.<\/p>\n<p style=\"font-weight: 400;\">En ADR DESIGNS, no nos limitamos a colocar obras de arte, sino que creamos narrativas visuales que resuenan, inspiran y perduran.<\/p>\n\n\t\t<\/div>\n\t<\/div>\n<\/div><\/div><\/div><div class=\"wpb_column vc_column_container vc_col-sm-4\"><div class=\"vc_column-inner\"><div class=\"wpb_wrapper\">\n\t<div class=\"wpb_text_column wpb_content_element\" >\n\t\t<div class=\"wpb_wrapper\">\n\t\t\t<p><img decoding=\"async\" class=\"alignnone size-full wp-image-1633\" src=\"https:\/\/nfb.tvd.mybluehost.me\/wp-content\/uploads\/2019\/03\/art-design-green-bay-packers.jpg\" alt=\"Art Design Green Bay Packers\" width=\"413\" height=\"403\" \/><\/p>\n\n\t\t<\/div>\n\t<\/div>\n<\/div><\/div><\/div><\/div><div class=\"vc_row wpb_row vc_row-fluid no-bottom-margins\"><div class=\"wpb_column vc_column_container vc_col-sm-12\"><div class=\"vc_column-inner\"><div class=\"wpb_wrapper\">\n\t<div class=\"wpb_text_column wpb_content_element\" >\n\t\t<div class=\"wpb_wrapper\">\n\t\t\t<h3>QUIENES SOMOS<\/h3>\n<p style=\"font-weight: 400;\">En ADR DESIGNS nos gu\u00eda un profundo compromiso con la excelencia, la integridad y las relaciones duraderas. Desde nuestros inicios, hemos mantenido los m\u00e1s altos est\u00e1ndares, fomentando conexiones significativas con nuestros clientes, colaboradores y miembros del equipo por igual.<\/p>\n<p style=\"font-weight: 400;\">Creemos que un servicio excepcional es la base de una colaboraci\u00f3n duradera. En cada proyecto, nuestro objetivo no es solo cumplir las expectativas, sino superarlas, ofreciendo soluciones inteligentes y con visi\u00f3n de futuro en un entorno refinado y receptivo.<\/p>\n<p style=\"font-weight: 400;\">La experiencia colectiva, la creatividad y la dedicaci\u00f3n inquebrantable de nuestro equipo son la base de todo lo que hacemos. Nos enorgullece respaldar nuestro trabajo, cuidando cada detalle con precisi\u00f3n y pasi\u00f3n para garantizar el m\u00e1ximo nivel de satisfacci\u00f3n del cliente.<\/p>\n<p style=\"font-weight: 400;\">En ADR DESIGNS, no nos limitamos a ofrecer servicios de consultor\u00eda art\u00edstica, sino que creamos experiencias que elevan los espacios y reflejan la visi\u00f3n \u00fanica de cada cliente al que servimos.<\/p>\n\n\t\t<\/div>\n\t<\/div>\n<\/div><\/div><\/div><\/div><div class=\"vc_row wpb_row vc_row-fluid\"><div class=\"wpb_column vc_column_container vc_col-sm-12\"><div class=\"vc_column-inner\"><div class=\"wpb_wrapper\">\n\t<div class=\"wpb_text_column wpb_content_element\" >\n\t\t<div class=\"wpb_wrapper\">\n\t\t\t<h3 style=\"font-weight: 400;\"><strong>Lo que el arte significa para nosotros<\/strong><\/h3>\n<p style=\"font-weight: 400;\">En ADR DESIGNS, vemos el arte como un lenguaje esencial que trasciende el medio y la escala para articular una visi\u00f3n, provocar el pensamiento y dar forma a la cultura. Es la transformaci\u00f3n meditada del espacio y el material en algo profundamente expresivo, intelectual y humano.<\/p>\n<p style=\"font-weight: 400;\">El arte, en su forma m\u00e1s elevada, no es simplemente decorativo: es un catalizador. Invita al di\u00e1logo, evoca emociones y enriquece los entornos que habitamos. Refleja qui\u00e9nes somos, d\u00f3nde hemos estado y hacia d\u00f3nde vamos.<\/p>\n<p style=\"font-weight: 400;\">Como consultores y comisarios experimentados, abordamos cada proyecto con una mirada perspicaz y un profundo conocimiento de c\u00f3mo el arte influye en la experiencia. Creemos en su poder para elevar no solo los interiores, sino tambi\u00e9n las ideas, creando conexiones significativas entre personas y lugares.<\/p>\n\n\t\t<\/div>\n\t<\/div>\n<\/div><\/div><\/div><\/div><\/div><div class=\"vc_section\"><div class=\"vc_row wpb_row vc_row-fluid\"><div class=\"wpb_column vc_column_container vc_col-sm-12\"><div class=\"vc_column-inner\"><div class=\"wpb_wrapper\">\n\t<div class=\"wpb_text_column wpb_content_element\" >\n\t\t<div class=\"wpb_wrapper\">\n\t\t\t<h3 style=\"margin: 10px 0 30px 0; font-weight: 500;\">Programe una consulta con nosotros<\/h3>\n<div class=\"wpforms-container wpforms-container-full\" id=\"wpforms-1094\"><form id=\"wpforms-form-1094\" class=\"wpforms-validate wpforms-form\" data-formid=\"1094\" method=\"post\" enctype=\"multipart\/form-data\" action=\"\/es\/wp-json\/wp\/v2\/pages\/1355\" data-token=\"129c3e35a5a882eea5c3026544d9ab63\" data-token-time=\"1778091385\" data-trp-original-action=\"\/es\/wp-json\/wp\/v2\/pages\/1355\"><noscript class=\"wpforms-error-noscript\">Por favor, active JavaScript en su navegador para completar este formulario.<\/noscript><div class=\"wpforms-field-container\"><div id=\"wpforms-1094-field_1-container\" class=\"wpforms-field wpforms-field-text\" data-field-id=\"1\"><label class=\"wpforms-field-label wpforms-label-hide\" for=\"wpforms-1094-field_1\">Nombre <span class=\"wpforms-required-label\">*<\/span><\/label><input type=\"text\" id=\"wpforms-1094-field_1\" class=\"wpforms-field-large wpforms-field-required\" name=\"wpforms[fields][1]\" placeholder=\"Nombre\" required><\/div><div id=\"wpforms-1094-field_2-container\" class=\"wpforms-field wpforms-field-text\" data-field-id=\"2\"><label class=\"wpforms-field-label wpforms-label-hide\" for=\"wpforms-1094-field_2\">E-Mail <span class=\"wpforms-required-label\">*<\/span><\/label><input type=\"text\" id=\"wpforms-1094-field_2\" class=\"wpforms-field-large wpforms-field-required\" name=\"wpforms[fields][2]\" placeholder=\"Correo electr\u00f3nico\" required><\/div><div id=\"wpforms-1094-field_3-container\" class=\"wpforms-field wpforms-field-text\" data-field-id=\"3\"><label class=\"wpforms-field-label wpforms-label-hide\" for=\"wpforms-1094-field_3\">Tel\u00e9fono<\/label><input type=\"text\" id=\"wpforms-1094-field_3\" class=\"wpforms-field-large\" name=\"wpforms[fields][3]\" placeholder=\"Tel\u00e9fono\" ><\/div><div id=\"wpforms-1094-field_4-container\" class=\"wpforms-field wpforms-field-textarea\" data-field-id=\"4\"><label class=\"wpforms-field-label wpforms-label-hide\" for=\"wpforms-1094-field_4\">Su comentario <span class=\"wpforms-required-label\">*<\/span><\/label><textarea id=\"wpforms-1094-field_4\" class=\"wpforms-field-medium wpforms-field-required\" name=\"wpforms[fields][4]\" placeholder=\"\u00bfC\u00f3mo podemos ayudarte?\" required><\/textarea><\/div><\/div><!-- .wpforms-field-container --><div class=\"wpforms-field wpforms-field-hp\"><label for=\"wpforms-1094-field-hp\" class=\"wpforms-field-label\">Correo electr\u00f3nico<\/label><input type=\"text\" name=\"wpforms[hp]\" id=\"wpforms-1094-field-hp\" class=\"wpforms-field-medium\"><\/div><div class=\"wpforms-submit-container\" ><input type=\"hidden\" name=\"wpforms[id]\" value=\"1094\"><input type=\"hidden\" name=\"page_title\" value=\"\"><input type=\"hidden\" name=\"page_url\" value=\"https:\/\/adrdesigns.net\/es\/wp-json\/wp\/v2\/pages\/1355\"><input type=\"hidden\" name=\"url_referer\" value=\"\"><button type=\"submit\" name=\"wpforms[submit]\" id=\"wpforms-submit-1094\" class=\"wpforms-submit\" data-alt-text=\"Sending...\" data-submit-text=\"Submit\" aria-live=\"assertive\" value=\"wpforms-submit\">Env\u00ede<\/button><\/div><label class=\"apbct_special_field\" id=\"apbct_label_id87623\" for=\"apbct__email_id__wp_wpforms_87623\">87623<\/label><input \n        id=\"apbct__email_id__wp_wpforms_87623\" \n        class=\"apbct_special_field apbct__email_id__wp_wpforms\"\n        autocomplete=\"off\" \n        name=\"apbct__email_id__wp_wpforms_87623\"  \n        type=\"text\" \n        value=\"87623\" \n        size=\"30\" \n        apbct_event_id=\"87623\"\n        maxlength=\"200\" \n    \/><input \n        id=\"apbct_event_id_wp_wpforms_87623\"\n        class=\"apbct_special_field\"\n        name=\"apbct_event_id\"\n        type=\"hidden\" \n        value=\"87623\" \n            \/><input type=\"hidden\" name=\"trp-form-language\" value=\"es\"\/><\/form><\/div>  <!-- .wpforms-container -->\n\n\t\t<\/div>\n\t<\/div>\n<\/div><\/div><\/div><\/div><\/div>\n<\/div>","protected":false},"excerpt":{"rendered":"About ADR DESIGNS At ADR DESIGNS, we believe that art is not just an accent\u2014it\u2019s an experience. Since 1988, we\u2019ve been curating, commissioning, and placing fine art that transforms spaces and elevates environments. With over five decades of combined expertise, partners Antoinette de la Espriella and Anthony Joseph Ruiz have built ADR DESIGNS into a&hellip;","protected":false},"author":5,"featured_media":0,"parent":0,"menu_order":0,"comment_status":"closed","ping_status":"closed","template":"","meta":{"footnotes":""},"class_list":["post-1355","page","type-page","status-publish","hentry","entry","no-media"],"yoast_head":"<!-- This site is optimized with the Yoast SEO plugin v27.2 - https:\/\/yoast.com\/product\/yoast-seo-wordpress\/ -->\n<title>ADR DESIGNS is a professional art consulting firm<\/title>\n<meta name=\"description\" content=\"ADR DESIGNS is a professional art consulting firm that has been in business since 1988.\u00a0We have over 50 years combined experience\" \/>\n<meta name=\"robots\" content=\"index, follow, max-snippet:-1, max-image-preview:large, max-video-preview:-1\" \/>\n<link rel=\"canonical\" href=\"https:\/\/adrdesigns.net\/es\/art-design\/\" \/>\n<meta property=\"og:locale\" content=\"es_ES\" \/>\n<meta property=\"og:type\" content=\"article\" \/>\n<meta property=\"og:title\" content=\"ADR DESIGNS is a professional art consulting firm\" \/>\n<meta property=\"og:description\" content=\"ADR DESIGNS is a professional art consulting firm that has been in business since 1988.\u00a0We have over 50 years combined experience\" \/>\n<meta property=\"og:url\" content=\"https:\/\/adrdesigns.net\/es\/art-design\/\" \/>\n<meta property=\"og:site_name\" content=\"ADR DESIGNS\" \/>\n<meta property=\"article:publisher\" content=\"https:\/\/www.facebook.com\/artdesignresources\/\" \/>\n<meta property=\"article:modified_time\" content=\"2025-08-06T01:16:48+00:00\" \/>\n<meta property=\"og:image\" content=\"https:\/\/adrdesigns.net\/wp-content\/uploads\/2019\/03\/art-design-green-bay-packers.jpg\" \/>\n\t<meta property=\"og:image:width\" content=\"413\" \/>\n\t<meta property=\"og:image:height\" content=\"403\" \/>\n\t<meta property=\"og:image:type\" content=\"image\/jpeg\" \/>\n<meta name=\"twitter:card\" content=\"summary_large_image\" \/>\n<meta name=\"twitter:label1\" content=\"Tiempo de lectura\" \/>\n\t<meta name=\"twitter:data1\" content=\"3 minutos\" \/>\n<script type=\"application\/ld+json\" class=\"yoast-schema-graph\">{\"@context\":\"https:\/\/schema.org\",\"@graph\":[{\"@type\":\"WebPage\",\"@id\":\"https:\/\/adrdesigns.net\/art-design\/\",\"url\":\"https:\/\/adrdesigns.net\/art-design\/\",\"name\":\"ADR DESIGNS is a professional art consulting firm\",\"isPartOf\":{\"@id\":\"https:\/\/adrdesigns.net\/#website\"},\"primaryImageOfPage\":{\"@id\":\"https:\/\/adrdesigns.net\/art-design\/#primaryimage\"},\"image\":{\"@id\":\"https:\/\/adrdesigns.net\/art-design\/#primaryimage\"},\"thumbnailUrl\":\"https:\/\/nfb.tvd.mybluehost.me\/wp-content\/uploads\/2019\/03\/art-design-green-bay-packers.jpg\",\"datePublished\":\"2019-02-12T06:38:45+00:00\",\"dateModified\":\"2025-08-06T01:16:48+00:00\",\"description\":\"ADR DESIGNS is a professional art consulting firm that has been in business since 1988.\u00a0We have over 50 years combined experience\",\"breadcrumb\":{\"@id\":\"https:\/\/adrdesigns.net\/art-design\/#breadcrumb\"},\"inLanguage\":\"es\",\"potentialAction\":[{\"@type\":\"ReadAction\",\"target\":[\"https:\/\/adrdesigns.net\/art-design\/\"]}]},{\"@type\":\"ImageObject\",\"inLanguage\":\"es\",\"@id\":\"https:\/\/adrdesigns.net\/art-design\/#primaryimage\",\"url\":\"https:\/\/nfb.tvd.mybluehost.me\/wp-content\/uploads\/2019\/03\/art-design-green-bay-packers.jpg\",\"contentUrl\":\"https:\/\/nfb.tvd.mybluehost.me\/wp-content\/uploads\/2019\/03\/art-design-green-bay-packers.jpg\"},{\"@type\":\"BreadcrumbList\",\"@id\":\"https:\/\/adrdesigns.net\/art-design\/#breadcrumb\",\"itemListElement\":[{\"@type\":\"ListItem\",\"position\":1,\"name\":\"Home\",\"item\":\"https:\/\/adrdesigns.net\/\"},{\"@type\":\"ListItem\",\"position\":2,\"name\":\"About Us\"}]},{\"@type\":\"WebSite\",\"@id\":\"https:\/\/adrdesigns.net\/#website\",\"url\":\"https:\/\/adrdesigns.net\/\",\"name\":\"ADR DESIGNS\",\"description\":\"ARTWORK, CUSTOM FRAMING, INSTALLATIONS\",\"publisher\":{\"@id\":\"https:\/\/adrdesigns.net\/#organization\"},\"potentialAction\":[{\"@type\":\"SearchAction\",\"target\":{\"@type\":\"EntryPoint\",\"urlTemplate\":\"https:\/\/adrdesigns.net\/?s={search_term_string}\"},\"query-input\":{\"@type\":\"PropertyValueSpecification\",\"valueRequired\":true,\"valueName\":\"search_term_string\"}}],\"inLanguage\":\"es\"},{\"@type\":\"Organization\",\"@id\":\"https:\/\/adrdesigns.net\/#organization\",\"name\":\"ADR DESIGNS\",\"url\":\"https:\/\/adrdesigns.net\/\",\"logo\":{\"@type\":\"ImageObject\",\"inLanguage\":\"es\",\"@id\":\"https:\/\/adrdesigns.net\/#\/schema\/logo\/image\/\",\"url\":\"https:\/\/adrdesigns.net\/wp-content\/uploads\/2025\/08\/ADR_D_LOGO.jpg\",\"contentUrl\":\"https:\/\/adrdesigns.net\/wp-content\/uploads\/2025\/08\/ADR_D_LOGO.jpg\",\"width\":1200,\"height\":1200,\"caption\":\"ADR DESIGNS\"},\"image\":{\"@id\":\"https:\/\/adrdesigns.net\/#\/schema\/logo\/image\/\"},\"sameAs\":[\"https:\/\/www.facebook.com\/artdesignresources\/\",\"https:\/\/www.instagram.com\/artdesignresources\/\"]}]}<\/script>\n<!-- \/ Yoast SEO plugin. -->","yoast_head_json":{"title":"ADR DESIGNS is a professional art consulting firm","description":"ADR DESIGNS is a professional art consulting firm that has been in business since 1988.\u00a0We have over 50 years combined experience","robots":{"index":"index","follow":"follow","max-snippet":"max-snippet:-1","max-image-preview":"max-image-preview:large","max-video-preview":"max-video-preview:-1"},"canonical":"https:\/\/adrdesigns.net\/es\/art-design\/","og_locale":"es_ES","og_type":"article","og_title":"ADR DESIGNS is a professional art consulting firm","og_description":"ADR DESIGNS is a professional art consulting firm that has been in business since 1988.\u00a0We have over 50 years combined experience","og_url":"https:\/\/adrdesigns.net\/es\/art-design\/","og_site_name":"ADR DESIGNS","article_publisher":"https:\/\/www.facebook.com\/artdesignresources\/","article_modified_time":"2025-08-06T01:16:48+00:00","og_image":[{"width":413,"height":403,"url":"https:\/\/adrdesigns.net\/wp-content\/uploads\/2019\/03\/art-design-green-bay-packers.jpg","type":"image\/jpeg"}],"twitter_card":"summary_large_image","twitter_misc":{"Tiempo de lectura":"3 minutos"},"schema":{"@context":"https:\/\/schema.org","@graph":[{"@type":"WebPage","@id":"https:\/\/adrdesigns.net\/art-design\/","url":"https:\/\/adrdesigns.net\/art-design\/","name":"ADR DESIGNS is a professional art consulting firm","isPartOf":{"@id":"https:\/\/adrdesigns.net\/#website"},"primaryImageOfPage":{"@id":"https:\/\/adrdesigns.net\/art-design\/#primaryimage"},"image":{"@id":"https:\/\/adrdesigns.net\/art-design\/#primaryimage"},"thumbnailUrl":"https:\/\/nfb.tvd.mybluehost.me\/wp-content\/uploads\/2019\/03\/art-design-green-bay-packers.jpg","datePublished":"2019-02-12T06:38:45+00:00","dateModified":"2025-08-06T01:16:48+00:00","description":"ADR DESIGNS is a professional art consulting firm that has been in business since 1988.\u00a0We have over 50 years combined experience","breadcrumb":{"@id":"https:\/\/adrdesigns.net\/art-design\/#breadcrumb"},"inLanguage":"es","potentialAction":[{"@type":"ReadAction","target":["https:\/\/adrdesigns.net\/art-design\/"]}]},{"@type":"ImageObject","inLanguage":"es","@id":"https:\/\/adrdesigns.net\/art-design\/#primaryimage","url":"https:\/\/nfb.tvd.mybluehost.me\/wp-content\/uploads\/2019\/03\/art-design-green-bay-packers.jpg","contentUrl":"https:\/\/nfb.tvd.mybluehost.me\/wp-content\/uploads\/2019\/03\/art-design-green-bay-packers.jpg"},{"@type":"BreadcrumbList","@id":"https:\/\/adrdesigns.net\/art-design\/#breadcrumb","itemListElement":[{"@type":"ListItem","position":1,"name":"Home","item":"https:\/\/adrdesigns.net\/"},{"@type":"ListItem","position":2,"name":"About Us"}]},{"@type":"WebSite","@id":"https:\/\/adrdesigns.net\/#website","url":"https:\/\/adrdesigns.net\/","name":"DISE\u00d1OS ADR","description":"OBRAS DE ARTE, ENMARCACIONES PERSONALIZADAS, INSTALACIONES","publisher":{"@id":"https:\/\/adrdesigns.net\/#organization"},"potentialAction":[{"@type":"SearchAction","target":{"@type":"EntryPoint","urlTemplate":"https:\/\/adrdesigns.net\/?s={search_term_string}"},"query-input":{"@type":"PropertyValueSpecification","valueRequired":true,"valueName":"search_term_string"}}],"inLanguage":"es"},{"@type":"Organization","@id":"https:\/\/adrdesigns.net\/#organization","name":"DISE\u00d1OS ADR","url":"https:\/\/adrdesigns.net\/","logo":{"@type":"ImageObject","inLanguage":"es","@id":"https:\/\/adrdesigns.net\/#\/schema\/logo\/image\/","url":"https:\/\/adrdesigns.net\/wp-content\/uploads\/2025\/08\/ADR_D_LOGO.jpg","contentUrl":"https:\/\/adrdesigns.net\/wp-content\/uploads\/2025\/08\/ADR_D_LOGO.jpg","width":1200,"height":1200,"caption":"ADR DESIGNS"},"image":{"@id":"https:\/\/adrdesigns.net\/#\/schema\/logo\/image\/"},"sameAs":["https:\/\/www.facebook.com\/artdesignresources\/","https:\/\/www.instagram.com\/artdesignresources\/"]}]}},"_links":{"self":[{"href":"https:\/\/adrdesigns.net\/es\/wp-json\/wp\/v2\/pages\/1355","targetHints":{"allow":["GET"]}}],"collection":[{"href":"https:\/\/adrdesigns.net\/es\/wp-json\/wp\/v2\/pages"}],"about":[{"href":"https:\/\/adrdesigns.net\/es\/wp-json\/wp\/v2\/types\/page"}],"author":[{"embeddable":true,"href":"https:\/\/adrdesigns.net\/es\/wp-json\/wp\/v2\/users\/5"}],"replies":[{"embeddable":true,"href":"https:\/\/adrdesigns.net\/es\/wp-json\/wp\/v2\/comments?post=1355"}],"version-history":[{"count":5,"href":"https:\/\/adrdesigns.net\/es\/wp-json\/wp\/v2\/pages\/1355\/revisions"}],"predecessor-version":[{"id":6570,"href":"https:\/\/adrdesigns.net\/es\/wp-json\/wp\/v2\/pages\/1355\/revisions\/6570"}],"wp:attachment":[{"href":"https:\/\/adrdesigns.net\/es\/wp-json\/wp\/v2\/media?parent=1355"}],"curies":[{"name":"wp","href":"https:\/\/api.w.org\/{rel}","templated":true}]}}